{"id":79,"date":"2014-08-23T14:37:46","date_gmt":"2014-08-23T12:37:46","guid":{"rendered":"http:\/\/hans.hamami.de\/?page_id=79"},"modified":"2026-04-27T14:49:30","modified_gmt":"2026-04-27T12:49:30","slug":"autor-und-weltgereister","status":"publish","type":"page","link":"https:\/\/www.hamami.de\/","title":{"rendered":"Hans-Manfred Milde"},"content":{"rendered":"<p>wurde in Waldenburg in Schlesien geboren. Als Jugendlicher durchwanderte er mit Wanderstock und Onkel das Riesengebirge. Die Vertreibung verschlug ihn nach Bayern. Dort arbeitete er als Weber, begann zu schreiben und ging als Journalist und Fotograf nach S\u00fcdamerika. 1956 kehrte er nach Deutschland zur\u00fcck und wurde Sozialarbeiter. Zuletzt leitete er \u00fcber zwei Jahrzehnte ein SOS-Kinderdorf.<\/p>\n<p>Jetzt lebt er im historischen Bamberg und schreibt M\u00e4rchen. Inspiration dazu holt er sich aus der Atmosph\u00e4re der Altstadt, der geheimnisvollen Sagenwelt des fr\u00e4nkischen Umlands, aber auch aus uralten Legenden seiner fr\u00fchen Heimat, die ihn nie wirklich losgelassen hat. Zumal gemunkelt wird, er geh\u00f6re zu den Wenigen, die eine leibhaftige Begegnung mit dem R\u00fcbezahl hatten.<\/p>\n<div id=\"twoj_slideshow_69fc5336dd644\" class=\"twoj_slideshow\" data-auto=\"false\"  data-width=\"100%\" data-height=\"0\"  data-minwidth=\"300\" data-minheight=\"0\"  data-maxwidth=\"100%\" data-maxheight=\"0\"  data-ratio=\"800\/600\"  data-nav=\"dots\"  data-navposition=\"top\" data-allowfullscreen=\"true\"  data-arrows=\"true\"  data-keyboard=\"true\"  data-transition=\"slide\"  data-transitionduration=\"300\"  data-loop=\"1\"  data-autoplay=\"4000\"  data-stopautoplayontouch=\"true\"  data-fit=\"contain\"  data-margin=\"2\"  data-thumbmargin=\"2\"  data-thumbborderwidth=\"5\"  data-thumbwidth=\"120\"   data-thumbheight=\"60\" ><a  href=\"https:\/\/www.hamami.de\/wp-content\/uploads\/2017\/08\/otto-1.jpg\" data-caption=\"Herr Waalkes ist artig\" ><img loading=\"lazy\" decoding=\"async\" src=\"https:\/\/www.hamami.de\/wp-content\/uploads\/2017\/08\/otto-1-300x217.jpg\"  alt=\"Herr Waalkes ist artig\" width=\"300\" height=\"217\"><\/a><a  href=\"https:\/\/www.hamami.de\/wp-content\/uploads\/2017\/08\/Milde-Buchvorstellung-13-013-1.jpg\" data-caption=\"Lesung aus zweitem M\u00e4rchenbuch\" ><img loading=\"lazy\" decoding=\"async\" src=\"https:\/\/www.hamami.de\/wp-content\/uploads\/2017\/08\/Milde-Buchvorstellung-13-013-1-300x300.jpg\"  alt=\"Lesung aus zweitem M\u00e4rchenbuch\" width=\"300\" height=\"300\"><\/a><a  href=\"https:\/\/www.hamami.de\/wp-content\/uploads\/2017\/08\/huber-1.jpg\" data-caption=\"Staatsministerin Huber besucht das SOS-Kinderdorf\" ><img loading=\"lazy\" decoding=\"async\" src=\"https:\/\/www.hamami.de\/wp-content\/uploads\/2017\/08\/huber-1-300x204.jpg\"  alt=\"Staatsministerin Huber besucht das SOS-Kinderdorf\" width=\"300\" height=\"204\"><\/a><a  href=\"https:\/\/www.hamami.de\/wp-content\/uploads\/2017\/08\/Foto-Stadt-Bamberg-OB-Starke-erh\u00f1lt-M\u00f1rchen-aus-Franken.jpg\" data-caption=\"OB Starke von Bamberg erh\u00e4lt M\u00e4rchen aus Franken\" ><img loading=\"lazy\" decoding=\"async\" src=\"https:\/\/www.hamami.de\/wp-content\/uploads\/2017\/08\/Foto-Stadt-Bamberg-OB-Starke-erh\u00f1lt-M\u00f1rchen-aus-Franken-300x242.jpg\"  alt=\"OB Starke von Bamberg erh\u00e4lt M\u00e4rchen aus Franken\" width=\"300\" height=\"242\"><\/a><\/div><div style=\"clear: both;\"><\/div><script>var twoj_slideshow_69fc5336dd644 = {}, twoj_slideshow_69fc5336dd644_css = \"#twoj_slideshow_69fc5336dd644 .twoj_slideshow__thumb-border{border-color: rgb(229, 64, 40);border-style: solid;}\",\r\n\t\thead = document.head || document.getElementsByTagName(\"head\")[0],\r\n\t\tstyle = document.createElement(\"style\");\r\n\t\tstyle.type = \"text\/css\";\r\n\t\tif (style.styleSheet) style.styleSheet.cssText = twoj_slideshow_69fc5336dd644_css;\r\n\t\t\telse  style.appendChild(document.createTextNode(twoj_slideshow_69fc5336dd644_css));\r\n\t\thead.appendChild(style);<\/script>\n<hr>\n<blockquote>\n<pre>Quellennachweis:<\/pre>\n<pre>Autor bei einer Lesung im Medienzentrum Bamberg.\nFoto: Hans-Otto Holzapfel \u00a9 Privatarchiv\n\nDer Autor beim Oberb\u00fcrgermeister der Stadt Bamberg.\n\u00a9 Pressestelle der Stadt Bamberg\n\nBundesministerin Antje Huber besucht das SOS-Kinderdorf\nImmenreuth, dessen Leiter Hans-Manfred Milde ist \u00a9 Privatarchiv\n\nOtto Waalkes mit Hans-Manfred Milde und dessen Ehefrau Annemarie.\n\u00a9 Pressestelle des SOS-Kinderdorf e.V.<\/pre>\n<\/blockquote>\n","protected":false},"excerpt":{"rendered":"<p>wurde in Waldenburg in Schlesien geboren. Als Jugendlicher durchwanderte er mit Wanderstock und Onkel das Riesengebirge. Die Vertreibung verschlug ihn nach Bayern. Dort arbeitete er als Weber, begann zu schreiben und ging als Journalist und Fotograf nach S\u00fcdamerika. 1956 kehrte er nach Deutschland zur\u00fcck und wurde Sozialarbeiter. Zuletzt leitete er \u00fcber zwei Jahrzehnte ein SOS-Kinderdorf. [&hellip;]<\/p>\n","protected":false},"author":1,"featured_media":343,"parent":0,"menu_order":0,"comment_status":"open","ping_status":"open","template":"","meta":{"ngg_post_thumbnail":0,"footnotes":""},"class_list":["post-79","page","type-page","status-publish","has-post-thumbnail","hentry"],"_links":{"self":[{"href":"https:\/\/www.hamami.de\/index.php?rest_route=\/wp\/v2\/pages\/79","targetHints":{"allow":["GET"]}}],"collection":[{"href":"https:\/\/www.hamami.de\/index.php?rest_route=\/wp\/v2\/pages"}],"about":[{"href":"https:\/\/www.hamami.de\/index.php?rest_route=\/wp\/v2\/types\/page"}],"author":[{"embeddable":true,"href":"https:\/\/www.hamami.de\/index.php?rest_route=\/wp\/v2\/users\/1"}],"replies":[{"embeddable":true,"href":"https:\/\/www.hamami.de\/index.php?rest_route=%2Fwp%2Fv2%2Fcomments&post=79"}],"version-history":[{"count":141,"href":"https:\/\/www.hamami.de\/index.php?rest_route=\/wp\/v2\/pages\/79\/revisions"}],"predecessor-version":[{"id":717,"href":"https:\/\/www.hamami.de\/index.php?rest_route=\/wp\/v2\/pages\/79\/revisions\/717"}],"wp:featuredmedia":[{"embeddable":true,"href":"https:\/\/www.hamami.de\/index.php?rest_route=\/wp\/v2\/media\/343"}],"wp:attachment":[{"href":"https:\/\/www.hamami.de\/index.php?rest_route=%2Fwp%2Fv2%2Fmedia&parent=79"}],"curies":[{"name":"wp","href":"https:\/\/api.w.org\/{rel}","templated":true}]}}