{"id":670,"date":"2023-12-13T16:15:31","date_gmt":"2023-12-13T14:15:31","guid":{"rendered":"http:\/\/www.hamami.de\/?page_id=670"},"modified":"2023-12-13T16:34:50","modified_gmt":"2023-12-13T14:34:50","slug":"rueckkehr-im-nachtzug","status":"publish","type":"page","link":"https:\/\/www.hamami.de\/?page_id=670","title":{"rendered":"R\u00fcckkehr im Nachtzug"},"content":{"rendered":"\n<p><\/p>\n\n\n<div class=\"wp-block-image is-style-default\">\n<figure class=\"alignright size-full is-resized\"><a href=\"http:\/\/www.hamami.de\/wp-content\/uploads\/2023\/12\/Cover.jpg\"><img loading=\"lazy\" decoding=\"async\" src=\"http:\/\/www.hamami.de\/wp-content\/uploads\/2023\/12\/Cover.jpg\" alt=\"\" class=\"wp-image-674\" width=\"284\" height=\"404\" srcset=\"https:\/\/www.hamami.de\/wp-content\/uploads\/2023\/12\/Cover.jpg 352w, https:\/\/www.hamami.de\/wp-content\/uploads\/2023\/12\/Cover-211x300.jpg 211w\" sizes=\"auto, (max-width: 284px) 100vw, 284px\" \/><\/a><\/figure>\n<\/div>\n\n\n<p>Erz\u00e4hlt wird die Geschichte eines jungen Mannes, der nach dem letzten gro\u00dfen Weltkrieg aus seiner Heimat vertrieben wurde und nach einer neuen Lebenschance sucht. Im Jahr 1953 gelangt er nach Brasilien, wo er seinem Ziel sehr nahe kommt &#8211; doch ein gegebenes Versprechen zwingt ihn schneller zur\u00fcck als geahnt.<\/p>\n\n\n\n<p>Die Erz\u00e4hlung beginnt w\u00e4hrend seiner R\u00fcckreise im Nachtzug von Mailand nach M\u00fcnchen.<br>In assoziativ-ungeordneter Reihenfolge ziehen Erinnerungen an Erlebtes und Erhofftes durch seinen Kopf. Seine Gedanken schwanken zwischen Hoffen und Bangen. Ihm wird klar, wie naiv, wie blau\u00e4ugig er Hinreise wie auch R\u00fcckreise angegangen ist.<br>Am Ende f\u00fchlt er sich wie Hans im Gl\u00fcck, der frohgemuten Herzens auszog und entt\u00e4uscht und mittellos wieder heimkehrt.<\/p>\n\n\n\n<p>Diese Erz\u00e4hlung schrieb der Autor in seinem 93. Lebensjahr.<\/p>\n\n\n\n<p><\/p>\n\n\n\n<p>BoD-Verlag Norderstedt<\/p>\n\n\n\n<p>ISBN-13: 9783758307034<\/p>\n\n\n\n<p><em>Nat\u00fcrlich auch als e-book.<\/em><\/p>\n\n\n\n<blockquote class=\"wp-block-quote is-layout-flow wp-block-quote-is-layout-flow\"><p><\/p><\/blockquote>\n","protected":false},"excerpt":{"rendered":"<p>Erz\u00e4hlt wird die Geschichte eines jungen Mannes, der nach dem letzten gro\u00dfen Weltkrieg aus seiner Heimat vertrieben wurde und nach einer neuen Lebenschance sucht. Im Jahr 1953 gelangt er nach Brasilien, wo er seinem Ziel sehr nahe kommt &#8211; doch ein gegebenes Versprechen zwingt ihn schneller zur\u00fcck als geahnt. Die Erz\u00e4hlung beginnt w\u00e4hrend seiner R\u00fcckreise [&hellip;]<\/p>\n","protected":false},"author":1,"featured_media":0,"parent":0,"menu_order":0,"comment_status":"closed","ping_status":"closed","template":"","meta":{"ngg_post_thumbnail":0,"footnotes":""},"class_list":["post-670","page","type-page","status-publish","hentry"],"_links":{"self":[{"href":"https:\/\/www.hamami.de\/index.php?rest_route=\/wp\/v2\/pages\/670","targetHints":{"allow":["GET"]}}],"collection":[{"href":"https:\/\/www.hamami.de\/index.php?rest_route=\/wp\/v2\/pages"}],"about":[{"href":"https:\/\/www.hamami.de\/index.php?rest_route=\/wp\/v2\/types\/page"}],"author":[{"embeddable":true,"href":"https:\/\/www.hamami.de\/index.php?rest_route=\/wp\/v2\/users\/1"}],"replies":[{"embeddable":true,"href":"https:\/\/www.hamami.de\/index.php?rest_route=%2Fwp%2Fv2%2Fcomments&post=670"}],"version-history":[{"count":10,"href":"https:\/\/www.hamami.de\/index.php?rest_route=\/wp\/v2\/pages\/670\/revisions"}],"predecessor-version":[{"id":682,"href":"https:\/\/www.hamami.de\/index.php?rest_route=\/wp\/v2\/pages\/670\/revisions\/682"}],"wp:attachment":[{"href":"https:\/\/www.hamami.de\/index.php?rest_route=%2Fwp%2Fv2%2Fmedia&parent=670"}],"curies":[{"name":"wp","href":"https:\/\/api.w.org\/{rel}","templated":true}]}}