{"id":50,"date":"2014-08-23T14:23:18","date_gmt":"2014-08-23T12:23:18","guid":{"rendered":"http:\/\/hans.hamami.de\/?page_id=50"},"modified":"2016-07-21T17:21:04","modified_gmt":"2016-07-21T15:21:04","slug":"mein-schlesisches-tagebuch","status":"publish","type":"page","link":"https:\/\/www.hamami.de\/?page_id=50","title":{"rendered":"Mein schlesisches Tagebuch"},"content":{"rendered":"<div class=\"PostContent\">\n<div class=\"article\">\n<h2><a href=\"http:\/\/www.hamami.de\/wp-content\/uploads\/2014\/08\/tagebuch.jpg\"><img loading=\"lazy\" decoding=\"async\" class=\"alignright size-full wp-image-58\" src=\"http:\/\/www.hamami.de\/wp-content\/uploads\/2014\/08\/tagebuch.jpg\" alt=\"tagebuch\" width=\"159\" height=\"232\" \/><\/a>&#8230; im September 2005<\/h2>\n<p class=\"anfang\"><strong>Heimwehtouristen<\/strong> werden sie sp\u00f6ttisch genannt, die Schlesier, die ihre Heimat, aus der sie vertrieben wurden, Jahrzehnte sp\u00e4ter wieder besuchen. Wie wahr! Heimweh ist es, kein Revanchismus.<\/p>\n<p class=\"anfang\">Wandern im Riesengebirge. Besuch an den Gr\u00e4bern der Vorfahren, \u00fcberquellende Erinnerungen an die Kindheitstage.<\/p>\n<p class=\"anfang\"><strong>&#8222;Heem, heem, suste nischt ock heem!&#8220; <\/strong><\/p>\n<p>.<br \/>\n.<br \/>\n.<br \/>\n<div class=\"spoiler-wrap\">\n\t\t\t\t<div class=\"spoiler-head folded\">Spoiler<\/div>\n\t\t\t\t<div class=\"spoiler-body\">Mein schlesisches Tagebuch<br \/>\nim September 2005<\/p>\n<p>Freitag, 2. September<\/p>\n<p>Anreisetag.<\/p>\n<p>Seit Tagen rede ich mir ein, ich f\u00fchre nach Hause. Ei de Heemte, m\u00f6chte ich sagen, aber wer spricht schon noch schlesisch? Wer versteht noch schlesischen Dialekt?<\/p>\n<p>Nun sitze ich tats\u00e4chlich im Auto und fahre. Ich fahre heim \u2013 immer wieder diese Beschw\u00f6rungsformel. Mein Herz grummelt. Wo liegt dieses Daheimsein?<br \/>\nDer Himmel \u00fcbergie\u00dft die Stra\u00dfe mit Wasser, als wolle er sie wegschwemmen, mir den Eintritt ins Traumland verwehren. Das graue Band der Autobahn gleicht einer Wasserader, in der sich ungez\u00e4hlte Lichter widerspiegeln. Die Roten leuchten am hellsten. Autos jagen vorbei, sch\u00fctten ihr Kielwasser \u00fcber unsere Frontschreibe. Ihre Fahrer scheinen zu wissen, wohin sie wollen, sonst rasten sie nicht so. Ich will heim&#8230; und wei\u00df nicht, wo das liegt. Warum sollte ich schnell fahren?<br \/>\nENDE DER LESEPROBE<br \/>\n<\/div>\n\t\t\t<\/div><br \/>\n<strong>Reise-\/Erinnerungs-Tagebuch<br \/>\nBoD-Verlag 2006<br \/>\nISBN 3-8334-6230-2<\/strong><\/p>\n","protected":false},"excerpt":{"rendered":"<p>&#8230; im September 2005 Heimwehtouristen werden sie sp\u00f6ttisch genannt, die Schlesier, die ihre Heimat, aus der sie vertrieben wurden, Jahrzehnte sp\u00e4ter wieder besuchen. Wie wahr! Heimweh ist es, kein Revanchismus. Wandern im Riesengebirge. Besuch an den Gr\u00e4bern der Vorfahren, \u00fcberquellende Erinnerungen an die Kindheitstage. &#8222;Heem, heem, suste nischt ock heem!&#8220; . . . Reise-\/Erinnerungs-Tagebuch BoD-Verlag [&hellip;]<\/p>\n","protected":false},"author":1,"featured_media":0,"parent":0,"menu_order":0,"comment_status":"open","ping_status":"open","template":"","meta":{"ngg_post_thumbnail":0,"footnotes":""},"class_list":["post-50","page","type-page","status-publish","hentry"],"_links":{"self":[{"href":"https:\/\/www.hamami.de\/index.php?rest_route=\/wp\/v2\/pages\/50","targetHints":{"allow":["GET"]}}],"collection":[{"href":"https:\/\/www.hamami.de\/index.php?rest_route=\/wp\/v2\/pages"}],"about":[{"href":"https:\/\/www.hamami.de\/index.php?rest_route=\/wp\/v2\/types\/page"}],"author":[{"embeddable":true,"href":"https:\/\/www.hamami.de\/index.php?rest_route=\/wp\/v2\/users\/1"}],"replies":[{"embeddable":true,"href":"https:\/\/www.hamami.de\/index.php?rest_route=%2Fwp%2Fv2%2Fcomments&post=50"}],"version-history":[{"count":8,"href":"https:\/\/www.hamami.de\/index.php?rest_route=\/wp\/v2\/pages\/50\/revisions"}],"predecessor-version":[{"id":446,"href":"https:\/\/www.hamami.de\/index.php?rest_route=\/wp\/v2\/pages\/50\/revisions\/446"}],"wp:attachment":[{"href":"https:\/\/www.hamami.de\/index.php?rest_route=%2Fwp%2Fv2%2Fmedia&parent=50"}],"curies":[{"name":"wp","href":"https:\/\/api.w.org\/{rel}","templated":true}]}}