{"id":5,"date":"2014-08-23T14:00:43","date_gmt":"2014-08-23T12:00:43","guid":{"rendered":"http:\/\/hans.hamami.de\/?page_id=5"},"modified":"2016-07-21T17:04:58","modified_gmt":"2016-07-21T15:04:58","slug":"frankenland-maerchenland","status":"publish","type":"page","link":"https:\/\/www.hamami.de\/?page_id=5","title":{"rendered":"Frankenland &#8211; M\u00e4rchenland"},"content":{"rendered":"<p><img loading=\"lazy\" decoding=\"async\" class=\"alignright size-medium wp-image-6\" src=\"http:\/\/www.hamami.de\/wp-content\/uploads\/2014\/08\/Frankenland_Maerchenland_-197x300.jpg\" alt=\"Bucheinband Maerchenaus Franken_Teil 2_neu.indd\" width=\"197\" height=\"300\" \/>Von der K\u00f6sseine im Fichtelgebirge bis hin zum Kreuzberg in der Rh\u00f6n, vom Tal der Tauber bis zur Quelle des Mains \u2013 die neuen M\u00e4rchen von Hans-Manfred Milde ziehen den Leser wieder in ihren Bann, wie es schon die \u201eM\u00e4rchen aus Franken\u201c vermochten. Drei Zauberworte sind es, die einem M\u00e4rchendichter gen\u00fcgen, die l\u00e4ngst vergangene Zeit in unser Alltagsleben zu holen: \u201eEs war einmal \u2026\u201c<br \/>\n<strong>Verlag Mediengruppe Oberfranken<br \/>\nISDN 978-3944002-14-9<\/strong><\/p>\n","protected":false},"excerpt":{"rendered":"<p>Von der K\u00f6sseine im Fichtelgebirge bis hin zum Kreuzberg in der Rh\u00f6n, vom Tal der Tauber bis zur Quelle des Mains \u2013 die neuen M\u00e4rchen von Hans-Manfred Milde ziehen den Leser wieder in ihren Bann, wie es schon die \u201eM\u00e4rchen aus Franken\u201c vermochten. Drei Zauberworte sind es, die einem M\u00e4rchendichter gen\u00fcgen, die l\u00e4ngst vergangene Zeit [&hellip;]<\/p>\n","protected":false},"author":1,"featured_media":0,"parent":0,"menu_order":0,"comment_status":"open","ping_status":"open","template":"","meta":{"ngg_post_thumbnail":0,"footnotes":""},"class_list":["post-5","page","type-page","status-publish","hentry"],"_links":{"self":[{"href":"https:\/\/www.hamami.de\/index.php?rest_route=\/wp\/v2\/pages\/5","targetHints":{"allow":["GET"]}}],"collection":[{"href":"https:\/\/www.hamami.de\/index.php?rest_route=\/wp\/v2\/pages"}],"about":[{"href":"https:\/\/www.hamami.de\/index.php?rest_route=\/wp\/v2\/types\/page"}],"author":[{"embeddable":true,"href":"https:\/\/www.hamami.de\/index.php?rest_route=\/wp\/v2\/users\/1"}],"replies":[{"embeddable":true,"href":"https:\/\/www.hamami.de\/index.php?rest_route=%2Fwp%2Fv2%2Fcomments&post=5"}],"version-history":[{"count":5,"href":"https:\/\/www.hamami.de\/index.php?rest_route=\/wp\/v2\/pages\/5\/revisions"}],"predecessor-version":[{"id":427,"href":"https:\/\/www.hamami.de\/index.php?rest_route=\/wp\/v2\/pages\/5\/revisions\/427"}],"wp:attachment":[{"href":"https:\/\/www.hamami.de\/index.php?rest_route=%2Fwp%2Fv2%2Fmedia&parent=5"}],"curies":[{"name":"wp","href":"https:\/\/api.w.org\/{rel}","templated":true}]}}