{"id":48,"date":"2014-08-23T14:22:45","date_gmt":"2014-08-23T12:22:45","guid":{"rendered":"http:\/\/hans.hamami.de\/?page_id=48"},"modified":"2016-07-21T17:29:13","modified_gmt":"2016-07-21T15:29:13","slug":"ich-moechte-dir-in-deine-haende-schreiben","status":"publish","type":"page","link":"https:\/\/www.hamami.de\/?page_id=48","title":{"rendered":"Ich m\u00f6chte Dir in Deine H\u00e4nde schreiben"},"content":{"rendered":"<p class=\"anfang\"><strong><a href=\"http:\/\/www.hamami.de\/wp-content\/uploads\/2014\/08\/hand.jpg\"><img loading=\"lazy\" decoding=\"async\" class=\"alignright size-full wp-image-56\" src=\"http:\/\/www.hamami.de\/wp-content\/uploads\/2014\/08\/hand.jpg\" alt=\"hand\" width=\"174\" height=\"265\" \/><\/a>Viel st\u00e4rker als rationales Denken<\/strong> bestimmen Gef\u00fchle das Leben der Menschen. Der Wunsch nach Geborgenheit im Zusammensein mit einem anderen Menschen dominiert. Doch nicht immer gelingt es, dieses Wunschziel zu erreichen. Der Autor hat in seinem Gedichtband aufgesp\u00fcrt, was in diesem Gef\u00fchlsbereich so dicht beieinander liegt: Sehnsucht &#8211; Liebe -Traurigkeit. Diese Gef\u00fchle bestimmen unser Leben. Dem Autor ist es gelungen, oft mit wenigen Worten, die ganze Tiefe von Gef\u00fchlen der Liebe zu erfassen.<\/p>\n<p>.<br \/>\n.<br \/>\n.<br \/>\n.<br \/>\n<div class=\"spoiler-wrap\">\n\t\t\t\t<div class=\"spoiler-head folded\">Spoiler<\/div>\n\t\t\t\t<div class=\"spoiler-body\"> Ich m\u00f6chte Dir in Deine H\u00e4nde schreiben<\/p>\n<p>Gedichte<\/p>\n<p>Ich m\u00f6chte Dir in Deine H\u00e4nde schreiben,<br \/>\ndamit die Worte unausl\u00f6schlich sind,<br \/>\nich m\u00f6chte tief in Deinen H\u00e4nden bleiben,<br \/>\nin Deinem Scho\u00dfe ruhen wie ein Kind.<\/p>\n<p>Ich m\u00f6chte Dir in Deine H\u00e4nde schreiben,<br \/>\ndamit Du mich nie mehr vergi\u00dft,<br \/>\nm\u00f6cht&#8216; wie das Blut durch Deine Adern treiben,<br \/>\nweil Du die W\u00e4rme f\u00fcr mich bist.<\/p>\n<p>Viel Worte durch die Lippen gleiten,<br \/>\nin Raum und Wind sie schnell verwehn,<br \/>\nsie wandeln sich in Ewigkeiten,<br \/>\nwenn sie in Deinen H\u00e4nden stehn.<br \/>\nIch m\u00f6chte Dir in Deine H\u00e4nde schreiben,<br \/>\ndamit die Linien Deiner Hand<br \/>\nsich mit den meinen fest vereinen<br \/>\nund weben unser Zauberland.<br \/>\nSteig ein in unsern Schicksalsnachen,<br \/>\nich will die Linien Deiner Hand<br \/>\nzu meinen Schicksalslinien machen,<br \/>\nGemeinsamkeiten f\u00fchlen bis zum Rand.<br \/>\nIn Deinen H\u00e4nden liegt mein ganzes Leben,<br \/>\nbeh\u00fcte es wie einen Schrein,<br \/>\ndie H\u00e4nde, die mir soviel geben,<br \/>\nsie sollen meine Zuflucht sein.<br \/>\nIch m\u00f6cht&#8216;, so sollt&#8216; es immer bleiben,<br \/>\nda\u00df unsre Liebe sich vermehrt,<br \/>\nich m\u00f6chte Dir in Deine H\u00e4nde schreiben,<br \/>\nda\u00df Deine Hand auch mir geh\u00f6rt.<br \/>\nENDE DER LESEPROBE<br \/>\n<\/div>\n\t\t\t<\/div><br \/>\n<strong>Gedichte<br \/>\nHAAG + HERCHEN Verlag 1986<br \/>\nISBN 3-89228-035-5<\/strong><\/p>\n<p class=\"anfang\"><span style=\"color: #ff0000;\">Vergriffen<\/span><\/p>\n<p>Restposten nur direkt vom Verfasser \u00fcber: <a href=\"mailto:hm.milde@hamami.de\">hm.milde@hamami.de<\/a><\/p>\n","protected":false},"excerpt":{"rendered":"<p>Viel st\u00e4rker als rationales Denken bestimmen Gef\u00fchle das Leben der Menschen. Der Wunsch nach Geborgenheit im Zusammensein mit einem anderen Menschen dominiert. Doch nicht immer gelingt es, dieses Wunschziel zu erreichen. Der Autor hat in seinem Gedichtband aufgesp\u00fcrt, was in diesem Gef\u00fchlsbereich so dicht beieinander liegt: Sehnsucht &#8211; Liebe -Traurigkeit. Diese Gef\u00fchle bestimmen unser Leben. [&hellip;]<\/p>\n","protected":false},"author":1,"featured_media":0,"parent":0,"menu_order":0,"comment_status":"open","ping_status":"open","template":"","meta":{"ngg_post_thumbnail":0,"footnotes":""},"class_list":["post-48","page","type-page","status-publish","hentry"],"_links":{"self":[{"href":"https:\/\/www.hamami.de\/index.php?rest_route=\/wp\/v2\/pages\/48","targetHints":{"allow":["GET"]}}],"collection":[{"href":"https:\/\/www.hamami.de\/index.php?rest_route=\/wp\/v2\/pages"}],"about":[{"href":"https:\/\/www.hamami.de\/index.php?rest_route=\/wp\/v2\/types\/page"}],"author":[{"embeddable":true,"href":"https:\/\/www.hamami.de\/index.php?rest_route=\/wp\/v2\/users\/1"}],"replies":[{"embeddable":true,"href":"https:\/\/www.hamami.de\/index.php?rest_route=%2Fwp%2Fv2%2Fcomments&post=48"}],"version-history":[{"count":11,"href":"https:\/\/www.hamami.de\/index.php?rest_route=\/wp\/v2\/pages\/48\/revisions"}],"predecessor-version":[{"id":453,"href":"https:\/\/www.hamami.de\/index.php?rest_route=\/wp\/v2\/pages\/48\/revisions\/453"}],"wp:attachment":[{"href":"https:\/\/www.hamami.de\/index.php?rest_route=%2Fwp%2Fv2%2Fmedia&parent=48"}],"curies":[{"name":"wp","href":"https:\/\/api.w.org\/{rel}","templated":true}]}}