{"id":385,"date":"2015-11-03T20:04:12","date_gmt":"2015-11-03T18:04:12","guid":{"rendered":"http:\/\/www.hamami.de\/?page_id=385"},"modified":"2016-07-21T17:14:29","modified_gmt":"2016-07-21T15:14:29","slug":"maerchen-1","status":"publish","type":"page","link":"https:\/\/www.hamami.de\/?page_id=385","title":{"rendered":"M\u00e4rchen 1"},"content":{"rendered":"<blockquote><p>Vom hohen Riesengebirge bis weit \u00fcber die Oder hinweg ins Katzengebirge, \u00fcberall im Schlesierland standen und stehen noch heute viele Schl\u00f6sser und Burgen.<\/p><\/blockquote>\n<p><a href=\"http:\/\/www.hamami.de\/wp-content\/uploads\/2015\/11\/marchen1.jpg\"><img loading=\"lazy\" decoding=\"async\" class=\"wp-image-386 alignleft\" src=\"http:\/\/www.hamami.de\/wp-content\/uploads\/2015\/11\/marchen1-722x1024.jpg\" alt=\"marchen1\" width=\"329\" height=\"467\" srcset=\"https:\/\/www.hamami.de\/wp-content\/uploads\/2015\/11\/marchen1-722x1024.jpg 722w, https:\/\/www.hamami.de\/wp-content\/uploads\/2015\/11\/marchen1-211x300.jpg 211w, https:\/\/www.hamami.de\/wp-content\/uploads\/2015\/11\/marchen1.jpg 1057w\" sizes=\"auto, (max-width: 329px) 100vw, 329px\" \/><\/a>Ob K\u00f6nige, F\u00fcrsten oder Ritter darin lebten, alle k\u00e4mpften um Macht und Ruhm. Behandelte der eine seine Untertanen mit G\u00fcte, herrschten andere mit Hinterlist und H\u00e4rte. Nicht anders war das Leben der einfachen Leute. Auch unter ihnen gab es flei\u00dfige und faule, ehrliche und Betr\u00fcger, traurige und gl\u00fcckliche.<br \/>\nDieses Buch f\u00fchrt zur\u00fcck in uralte Zeiten.<br \/>\nUm Prinzessinnen wurde geworben, wie um die Bauernm\u00e4gde. Wandernde Handwerksgesellen zogen vom Schlesischen \u00fcbers Gebirge ins B\u00f6hmische und kamen wieder zur\u00fcck, oft der Liebe wegen. Arme Schneider und alte Musikanten gingen ihrer Berufung nach, jeder auf seine Art &#8212; und R\u00fcbezahl wachte von der Koppe herab und mischte sich ein, wenn es die Menschen zu arg trieben.<br \/>\nWer heute an Schlesien denkt, dem fallen wohl zuerst die drei Worte ein, die allen M\u00e4rchen voran stehen:<br \/>\nEs war einmal \u2026<br \/>\nLeseprobe bei <a href=\"http:\/\/www.amazon.de\/M\u00e4rchen-1-Erz\u00e4hlungen-aus-Schlesien-ebook\/dp\/B01704WT70\" target=\"_blank\">Amazon.<\/a><br \/>\n<strong>Erz\u00e4hlung<br \/>\n2015 BoD-Verlag<br \/>\nISBN 978-3-7386-5451-6<\/strong><br \/>\nPrint- und ebook-Ausgabe.<\/p>\n","protected":false},"excerpt":{"rendered":"<p>Vom hohen Riesengebirge bis weit \u00fcber die Oder hinweg ins Katzengebirge, \u00fcberall im Schlesierland standen und stehen noch heute viele Schl\u00f6sser und Burgen. Ob K\u00f6nige, F\u00fcrsten oder Ritter darin lebten, alle k\u00e4mpften um Macht und Ruhm. Behandelte der eine seine Untertanen mit G\u00fcte, herrschten andere mit Hinterlist und H\u00e4rte. Nicht anders war das Leben der [&hellip;]<\/p>\n","protected":false},"author":1,"featured_media":0,"parent":0,"menu_order":0,"comment_status":"closed","ping_status":"closed","template":"","meta":{"ngg_post_thumbnail":0,"footnotes":""},"class_list":["post-385","page","type-page","status-publish","hentry"],"_links":{"self":[{"href":"https:\/\/www.hamami.de\/index.php?rest_route=\/wp\/v2\/pages\/385","targetHints":{"allow":["GET"]}}],"collection":[{"href":"https:\/\/www.hamami.de\/index.php?rest_route=\/wp\/v2\/pages"}],"about":[{"href":"https:\/\/www.hamami.de\/index.php?rest_route=\/wp\/v2\/types\/page"}],"author":[{"embeddable":true,"href":"https:\/\/www.hamami.de\/index.php?rest_route=\/wp\/v2\/users\/1"}],"replies":[{"embeddable":true,"href":"https:\/\/www.hamami.de\/index.php?rest_route=%2Fwp%2Fv2%2Fcomments&post=385"}],"version-history":[{"count":3,"href":"https:\/\/www.hamami.de\/index.php?rest_route=\/wp\/v2\/pages\/385\/revisions"}],"predecessor-version":[{"id":438,"href":"https:\/\/www.hamami.de\/index.php?rest_route=\/wp\/v2\/pages\/385\/revisions\/438"}],"wp:attachment":[{"href":"https:\/\/www.hamami.de\/index.php?rest_route=%2Fwp%2Fv2%2Fmedia&parent=385"}],"curies":[{"name":"wp","href":"https:\/\/api.w.org\/{rel}","templated":true}]}}