{"id":326,"date":"2015-05-04T17:13:53","date_gmt":"2015-05-04T15:13:53","guid":{"rendered":"http:\/\/www.hamami.de\/?page_id=326"},"modified":"2016-07-21T16:56:04","modified_gmt":"2016-07-21T14:56:04","slug":"e-t-a-hoffmann-urauffuehrung","status":"publish","type":"page","link":"https:\/\/www.hamami.de\/?page_id=326","title":{"rendered":"Urauff\u00fchrung auf der Altenburg"},"content":{"rendered":"<p style=\"text-align: justify;\">Der literarische Spaziergang des Brentano-Theaters Bamberg f\u00fchrte diesmal rund um die Altenburg. Neben Versen \u00fcber Dr. Faustus von Adelbert von Chamisso, einem Gedicht von Friedrich Gottlob Wetzel und einer kuriosen E.T.A. Hoffmann-Urauff\u00fchrung, u.v.a.m., kam auch die extra f\u00fcr diesen Literaturspaziergang geschriebene <i><b>Geschichte, wie der erste B\u00e4r auf die Altenburg kam<\/b> <\/i>aus meiner Feder zur Auff\u00fchrung. Eine gro\u00dfe Ehre f\u00fcr mich.<br \/>\nAktuell sind f\u00fcnf weitere Auff\u00fchrungen geplant.<\/p>\n<p><a href=\"http:\/\/www.hamami.de\/wp-content\/uploads\/2015\/05\/brentano.jpg\"><img loading=\"lazy\" decoding=\"async\" class=\" wp-image-327 alignright\" src=\"http:\/\/www.hamami.de\/wp-content\/uploads\/2015\/05\/brentano.jpg\" alt=\"brentano\" width=\"400\" height=\"270\" srcset=\"https:\/\/www.hamami.de\/wp-content\/uploads\/2015\/05\/brentano.jpg 561w, https:\/\/www.hamami.de\/wp-content\/uploads\/2015\/05\/brentano-300x203.jpg 300w\" sizes=\"auto, (max-width: 400px) 100vw, 400px\" \/><\/a><a href=\"http:\/\/www.hamami.de\/wp-content\/uploads\/2015\/05\/ft.jpg\"><img loading=\"lazy\" decoding=\"async\" class=\" size-full wp-image-328 alignleft\" src=\"http:\/\/www.hamami.de\/wp-content\/uploads\/2015\/05\/ft.jpg\" alt=\"ft\" width=\"379\" height=\"399\" srcset=\"https:\/\/www.hamami.de\/wp-content\/uploads\/2015\/05\/ft.jpg 379w, https:\/\/www.hamami.de\/wp-content\/uploads\/2015\/05\/ft-285x300.jpg 285w\" sizes=\"auto, (max-width: 379px) 100vw, 379px\" \/><\/a><\/p>\n","protected":false},"excerpt":{"rendered":"<p>Der literarische Spaziergang des Brentano-Theaters Bamberg f\u00fchrte diesmal rund um die Altenburg. Neben Versen \u00fcber Dr. Faustus von Adelbert von Chamisso, einem Gedicht von Friedrich Gottlob Wetzel und einer kuriosen E.T.A. Hoffmann-Urauff\u00fchrung, u.v.a.m., kam auch die extra f\u00fcr diesen Literaturspaziergang geschriebene Geschichte, wie der erste B\u00e4r auf die Altenburg kam aus meiner Feder zur Auff\u00fchrung. [&hellip;]<\/p>\n","protected":false},"author":1,"featured_media":0,"parent":0,"menu_order":0,"comment_status":"closed","ping_status":"closed","template":"","meta":{"ngg_post_thumbnail":0,"footnotes":""},"class_list":["post-326","page","type-page","status-publish","hentry"],"_links":{"self":[{"href":"https:\/\/www.hamami.de\/index.php?rest_route=\/wp\/v2\/pages\/326","targetHints":{"allow":["GET"]}}],"collection":[{"href":"https:\/\/www.hamami.de\/index.php?rest_route=\/wp\/v2\/pages"}],"about":[{"href":"https:\/\/www.hamami.de\/index.php?rest_route=\/wp\/v2\/types\/page"}],"author":[{"embeddable":true,"href":"https:\/\/www.hamami.de\/index.php?rest_route=\/wp\/v2\/users\/1"}],"replies":[{"embeddable":true,"href":"https:\/\/www.hamami.de\/index.php?rest_route=%2Fwp%2Fv2%2Fcomments&post=326"}],"version-history":[{"count":6,"href":"https:\/\/www.hamami.de\/index.php?rest_route=\/wp\/v2\/pages\/326\/revisions"}],"predecessor-version":[{"id":423,"href":"https:\/\/www.hamami.de\/index.php?rest_route=\/wp\/v2\/pages\/326\/revisions\/423"}],"wp:attachment":[{"href":"https:\/\/www.hamami.de\/index.php?rest_route=%2Fwp%2Fv2%2Fmedia&parent=326"}],"curies":[{"name":"wp","href":"https:\/\/api.w.org\/{rel}","templated":true}]}}