{"id":191,"date":"2014-08-23T21:00:18","date_gmt":"2014-08-23T19:00:18","guid":{"rendered":"http:\/\/hans.hamami.de\/?page_id=191"},"modified":"2016-07-21T17:38:32","modified_gmt":"2016-07-21T15:38:32","slug":"autor-michael-milde","status":"publish","type":"page","link":"https:\/\/www.hamami.de\/?page_id=191","title":{"rendered":"Autor Michael Milde"},"content":{"rendered":"<p>Der Blogschreiber und Autor Michael Milde teilt nicht zuf\u00e4llig meinen Nachnamen. Hier die j\u00fcngsten 7 Anf\u00e4nge seiner Blogbeitr\u00e4ge. Weiterlesen auf seiner Website<a href=\"http:\/\/www.dahingedacht.de\" target=\"_blank\"> www.dahingedacht.de<\/a> auf eigene Gefahr.<\/p>\n<p><a href=\"http:\/\/www.hamami.de\/wp-content\/uploads\/2014\/08\/cropped-lbm.jpg\"><img loading=\"lazy\" decoding=\"async\" class=\"aligncenter size-large wp-image-196\" src=\"http:\/\/www.hamami.de\/wp-content\/uploads\/2014\/08\/cropped-lbm-1024x266.jpg\" alt=\"cropped-lbm\" width=\"1024\" height=\"266\" srcset=\"https:\/\/www.hamami.de\/wp-content\/uploads\/2014\/08\/cropped-lbm-1024x266.jpg 1024w, https:\/\/www.hamami.de\/wp-content\/uploads\/2014\/08\/cropped-lbm-300x78.jpg 300w, https:\/\/www.hamami.de\/wp-content\/uploads\/2014\/08\/cropped-lbm.jpg 1500w\" sizes=\"auto, (max-width: 1024px) 100vw, 1024px\" \/><\/a><br \/>\n[simple-rss feed=&#8220;http:\/\/www.dahingedacht.de\/?feed=rss2&#8243; limit=7 hide_description=&#8220;0&#8243; show_date=&#8220;1&#8243; amount_of_words=&#8220;50&#8243;]<\/p>\n","protected":false},"excerpt":{"rendered":"<p>Der Blogschreiber und Autor Michael Milde teilt nicht zuf\u00e4llig meinen Nachnamen. Hier die j\u00fcngsten 7 Anf\u00e4nge seiner Blogbeitr\u00e4ge. Weiterlesen auf seiner Website www.dahingedacht.de auf eigene Gefahr. [simple-rss feed=&#8220;http:\/\/www.dahingedacht.de\/?feed=rss2&#8243; limit=7 hide_description=&#8220;0&#8243; show_date=&#8220;1&#8243; amount_of_words=&#8220;50&#8243;]<\/p>\n","protected":false},"author":1,"featured_media":0,"parent":0,"menu_order":0,"comment_status":"closed","ping_status":"closed","template":"","meta":{"ngg_post_thumbnail":0,"footnotes":""},"class_list":["post-191","page","type-page","status-publish","hentry"],"_links":{"self":[{"href":"https:\/\/www.hamami.de\/index.php?rest_route=\/wp\/v2\/pages\/191","targetHints":{"allow":["GET"]}}],"collection":[{"href":"https:\/\/www.hamami.de\/index.php?rest_route=\/wp\/v2\/pages"}],"about":[{"href":"https:\/\/www.hamami.de\/index.php?rest_route=\/wp\/v2\/types\/page"}],"author":[{"embeddable":true,"href":"https:\/\/www.hamami.de\/index.php?rest_route=\/wp\/v2\/users\/1"}],"replies":[{"embeddable":true,"href":"https:\/\/www.hamami.de\/index.php?rest_route=%2Fwp%2Fv2%2Fcomments&post=191"}],"version-history":[{"count":13,"href":"https:\/\/www.hamami.de\/index.php?rest_route=\/wp\/v2\/pages\/191\/revisions"}],"predecessor-version":[{"id":458,"href":"https:\/\/www.hamami.de\/index.php?rest_route=\/wp\/v2\/pages\/191\/revisions\/458"}],"wp:attachment":[{"href":"https:\/\/www.hamami.de\/index.php?rest_route=%2Fwp%2Fv2%2Fmedia&parent=191"}],"curies":[{"name":"wp","href":"https:\/\/api.w.org\/{rel}","templated":true}]}}