{"id":687,"date":"2024-08-25T09:28:10","date_gmt":"2024-08-25T07:28:10","guid":{"rendered":"https:\/\/www.hamami.de\/?page_id=687"},"modified":"2024-08-25T09:32:53","modified_gmt":"2024-08-25T07:32:53","slug":"dreh-dich-nicht-um","status":"publish","type":"page","link":"http:\/\/www.hamami.de\/?page_id=687","title":{"rendered":"Dreh dich nicht um."},"content":{"rendered":"<div class=\"wp-block-image\">\n<figure class=\"alignright size-large is-resized\"><a href=\"https:\/\/www.hamami.de\/wp-content\/uploads\/2024\/08\/image.png\"><img loading=\"lazy\" decoding=\"async\" width=\"721\" height=\"1024\" src=\"https:\/\/www.hamami.de\/wp-content\/uploads\/2024\/08\/image-721x1024.png\" alt=\"\" class=\"wp-image-688\" style=\"width:287px;height:auto\" srcset=\"http:\/\/www.hamami.de\/wp-content\/uploads\/2024\/08\/image-721x1024.png 721w, http:\/\/www.hamami.de\/wp-content\/uploads\/2024\/08\/image-211x300.png 211w, http:\/\/www.hamami.de\/wp-content\/uploads\/2024\/08\/image-768x1090.png 768w, http:\/\/www.hamami.de\/wp-content\/uploads\/2024\/08\/image.png 889w\" sizes=\"auto, (max-width: 721px) 100vw, 721px\" \/><\/a><\/figure>\n<\/div>\n\n\n<p>Die Erz\u00e4hlung basiert auf dem vom gleichen Autor stammenden Roman \u201eDer Lockruf des Kumm ocke\u201c, <\/p>\n\n\n\n<p>konzentriert auf die G\u00e4rtnerstochter Maria. Ihr Kindheitstraum, auch zu ihr werde ein M\u00e4rchen-Prinz kommen, sie in ein fremdes Land f\u00fchren, geht in Erf\u00fcllung, aber anders als erdacht.<br>Die Verwendung des schlesischen Dialekts wurde eingeschr\u00e4nkt, was das Lesen erleichtert. Die kriegsbedingte Zerteilung Deutschlands mit dem \u00dcbergang Schlesiens in polnische Oberhoheit ver\u00e4ndert das Leben der Protagonistin in epochaler Weise.<br>Neu konzipiert und mit detailreichen und emotional tiefgehenden Szenen wird die Erz\u00e4hlung zu einem packenden Leseerlebnis. Ein gelungenes Werk, das ber\u00fchrt und zum Nachdenken anregt.<\/p>\n\n\n\n<p>BoD-Verlag, Norderstedt<\/p>\n\n\n\n<p>ISBN-13: 9783759777249<\/p>\n\n\n\n<p><em>Nat\u00fcrlich auch als ebook.<\/em><\/p>\n\n\n\n<p><\/p>\n","protected":false},"excerpt":{"rendered":"<p>Die Erz\u00e4hlung basiert auf dem vom gleichen Autor stammenden Roman \u201eDer Lockruf des Kumm ocke\u201c, konzentriert auf die G\u00e4rtnerstochter Maria. Ihr Kindheitstraum, auch zu ihr werde ein M\u00e4rchen-Prinz kommen, sie in ein fremdes Land f\u00fchren, geht in Erf\u00fcllung, aber anders als erdacht.Die Verwendung des schlesischen Dialekts wurde eingeschr\u00e4nkt, was das Lesen erleichtert. Die kriegsbedingte Zerteilung [&hellip;]<\/p>\n","protected":false},"author":1,"featured_media":0,"parent":0,"menu_order":0,"comment_status":"closed","ping_status":"closed","template":"","meta":{"ngg_post_thumbnail":0,"footnotes":""},"class_list":["post-687","page","type-page","status-publish","hentry"],"_links":{"self":[{"href":"http:\/\/www.hamami.de\/index.php?rest_route=\/wp\/v2\/pages\/687","targetHints":{"allow":["GET"]}}],"collection":[{"href":"http:\/\/www.hamami.de\/index.php?rest_route=\/wp\/v2\/pages"}],"about":[{"href":"http:\/\/www.hamami.de\/index.php?rest_route=\/wp\/v2\/types\/page"}],"author":[{"embeddable":true,"href":"http:\/\/www.hamami.de\/index.php?rest_route=\/wp\/v2\/users\/1"}],"replies":[{"embeddable":true,"href":"http:\/\/www.hamami.de\/index.php?rest_route=%2Fwp%2Fv2%2Fcomments&post=687"}],"version-history":[{"count":5,"href":"http:\/\/www.hamami.de\/index.php?rest_route=\/wp\/v2\/pages\/687\/revisions"}],"predecessor-version":[{"id":695,"href":"http:\/\/www.hamami.de\/index.php?rest_route=\/wp\/v2\/pages\/687\/revisions\/695"}],"wp:attachment":[{"href":"http:\/\/www.hamami.de\/index.php?rest_route=%2Fwp%2Fv2%2Fmedia&parent=687"}],"curies":[{"name":"wp","href":"https:\/\/api.w.org\/{rel}","templated":true}]}}