{"id":321,"date":"2015-05-01T11:15:13","date_gmt":"2015-05-01T09:15:13","guid":{"rendered":"http:\/\/www.hamami.de\/?page_id=321"},"modified":"2016-07-21T17:19:50","modified_gmt":"2016-07-21T15:19:50","slug":"der-zwirlezwack","status":"publish","type":"page","link":"http:\/\/www.hamami.de\/?page_id=321","title":{"rendered":"Der Zwirlezwack"},"content":{"rendered":"<p><a href=\"http:\/\/www.hamami.de\/wp-content\/uploads\/2015\/05\/zwirle.jpg\"><img loading=\"lazy\" decoding=\"async\" class=\" size-full wp-image-322 alignright\" src=\"http:\/\/www.hamami.de\/wp-content\/uploads\/2015\/05\/zwirle.jpg\" alt=\"zwirle\" width=\"159\" height=\"226\" \/><\/a>Tief in den dunklen W\u00e4ldern des Eulengebirges taucht eines Tages am Waldrand eine ungew\u00f6hnliche Gestalt auf. Die Bewohner des kleinen Dorfes betrachten sie argw\u00f6hnisch, sehen in ihr gar ein b\u00f6ses Zeichen. Ist es ein Waldschrat? Wegen des fahrigen Herumzappelns geben sie diesem Wesen den Namen Zwirlezwack und wollen es vertreiben.<br \/>\nWalburga, die alte Kr\u00e4uterfrau, nimmt sich des verwilderten Jungen an und holt ihn in ihr Haus. Als der Zwirlezwack aber eines Tages hinter ihrem Haus einen gro\u00dfen Kreis in den Sand malt, wird auch ihr bange. Leseprobe bei <a href=\"http:\/\/www.amazon.de\/Zwirlezwack-Erz\u00e4hlungen-aus-Schlesien\/dp\/3734758416\" target=\"_blank\">Amazon.<\/a><br \/>\n<strong>Erz\u00e4hlung<br \/>\n2015 BoD-Verlag<br \/>\nISBN 978-3-7347-5841-6<\/strong><br \/>\n\u00dcberarbeitet und Neuherausgabe<br \/>\nDer Doppelband <strong>Der Phol und der Zwirlezwack<\/strong> (Wunderwaldverlag 2010) sind nicht mehr erh\u00e4ltlich.<\/p>\n","protected":false},"excerpt":{"rendered":"<p>Tief in den dunklen W\u00e4ldern des Eulengebirges taucht eines Tages am Waldrand eine ungew\u00f6hnliche Gestalt auf. Die Bewohner des kleinen Dorfes betrachten sie argw\u00f6hnisch, sehen in ihr gar ein b\u00f6ses Zeichen. Ist es ein Waldschrat? Wegen des fahrigen Herumzappelns geben sie diesem Wesen den Namen Zwirlezwack und wollen es vertreiben. Walburga, die alte Kr\u00e4uterfrau, nimmt [&hellip;]<\/p>\n","protected":false},"author":1,"featured_media":0,"parent":0,"menu_order":0,"comment_status":"closed","ping_status":"closed","template":"","meta":{"ngg_post_thumbnail":0,"footnotes":""},"class_list":["post-321","page","type-page","status-publish","hentry"],"_links":{"self":[{"href":"http:\/\/www.hamami.de\/index.php?rest_route=\/wp\/v2\/pages\/321","targetHints":{"allow":["GET"]}}],"collection":[{"href":"http:\/\/www.hamami.de\/index.php?rest_route=\/wp\/v2\/pages"}],"about":[{"href":"http:\/\/www.hamami.de\/index.php?rest_route=\/wp\/v2\/types\/page"}],"author":[{"embeddable":true,"href":"http:\/\/www.hamami.de\/index.php?rest_route=\/wp\/v2\/users\/1"}],"replies":[{"embeddable":true,"href":"http:\/\/www.hamami.de\/index.php?rest_route=%2Fwp%2Fv2%2Fcomments&post=321"}],"version-history":[{"count":5,"href":"http:\/\/www.hamami.de\/index.php?rest_route=\/wp\/v2\/pages\/321\/revisions"}],"predecessor-version":[{"id":444,"href":"http:\/\/www.hamami.de\/index.php?rest_route=\/wp\/v2\/pages\/321\/revisions\/444"}],"wp:attachment":[{"href":"http:\/\/www.hamami.de\/index.php?rest_route=%2Fwp%2Fv2%2Fmedia&parent=321"}],"curies":[{"name":"wp","href":"https:\/\/api.w.org\/{rel}","templated":true}]}}